{"id":8433,"date":"2023-11-28T14:41:38","date_gmt":"2023-11-28T14:41:38","guid":{"rendered":"https:\/\/lafabrique621.com\/?page_id=8433"},"modified":"2023-11-29T10:07:18","modified_gmt":"2023-11-29T10:07:18","slug":"mentions-legales","status":"publish","type":"page","link":"https:\/\/lafabrique621.com\/en\/mentions-legales\/","title":{"rendered":"Terms of use"},"content":{"rendered":"<div data-elementor-type=\"wp-page\" data-elementor-id=\"8433\" class=\"elementor elementor-8433\" data-elementor-post-type=\"page\">\n\t\t\t\t<div class=\"elementor-element elementor-element-9f47f30 e-con-full qodef-elementor-content-grid e-flex e-con e-parent\" data-id=\"9f47f30\" data-element_type=\"container\">\n\t\t<div class=\"elementor-element elementor-element-f466feb e-con-full e-flex e-con e-child\" data-id=\"f466feb\" data-element_type=\"container\">\n\t\t\t\t<div class=\"elementor-element elementor-element-24fc569 elementor-widget__width-initial elementor-widget elementor-widget-sidebar\" data-id=\"24fc569\" data-element_type=\"widget\" data-widget_type=\"sidebar.default\">\n\t\t\t\t<div class=\"elementor-widget-container\">\n\t\t\t\t\t<div class=\"widget widget_block\" data-area=\"privacy-policy-sidebar\">\n<div class=\"wp-block-group\"><div class=\"wp-block-group__inner-container is-layout-constrained wp-block-group-is-layout-constrained\">\n<p>Appelez-nous 0621269625<br>ou laissez-nous un message \u00e0<a href=\"mailto:teenglow@example.com\"> <\/a>contact@lafabrique621.com<\/p>\n\n\n<div class=\"widget widget_teenglow_core_separator\"><div class=\"qodef-shortcode qodef-m  qodef-separator clear  qodef-show--yes qodef-show-1600--yes qodef-show-1440--yes qodef-show-1366--yes qodef-show-1280--yes qodef-show-1024--yes qodef-show-768--yes qodef-show-680--yes qodef-show-480--yes\">\t<div class=\"qodef-m-line\" style=\"border-color: transparent;border-style: solid;margin-bottom: 43px\"><\/div><\/div><\/div>\n\n<div class=\"widget widget_teenglow_core_title_widget\">\t\t\t\t\t\t\t<h5 class=\"qodef-widget-title\" style=\"margin-bottom: 5px\">\n\t\t\t\tNos r\u00e9seaux sociaux\t\t\t\t<\/h5>\n\t\t\t\t\t\t<\/div>\n\n<div class=\"widget widget_teenglow_core_separator\"><div class=\"qodef-shortcode qodef-m  qodef-separator clear  qodef-show--yes qodef-show-1600--yes qodef-show-1440--yes qodef-show-1366--yes qodef-show-1280--yes qodef-show-1024--yes qodef-show-768--yes qodef-show-680--yes qodef-show-480--yes\">\t<div class=\"qodef-m-line\" style=\"border-color: transparent;border-style: solid;margin-bottom: 10px\"><\/div><\/div><\/div>\n\n<div class=\"widget widget_teenglow_core_social_icons_group\">\t\t\t<div class=\"qodef-social-icons-group\">\n\t\t\t\t<span class=\"qodef-shortcode qodef-m  qodef-icon-holder  qodef-layout--normal\"  >\t\t\t<a itemprop=\"url\" href=\"https:\/\/www.tiktok.com\/@lafabrique621\" target=\"_blank\">\t\t\t<span class=\"qodef-icon-font-awesome fab fa-tiktok qodef-icon qodef-e\" style=\"\" ><\/span>\t\t\t<\/a>\t<\/span><span class=\"qodef-shortcode qodef-m  qodef-icon-holder  qodef-layout--normal\"  >\t\t\t<a itemprop=\"url\" href=\"https:\/\/www.linkedin.com\/company\/fab621\" target=\"_blank\">\t\t\t<span class=\"qodef-icon-elegant-icons social_linkedin_square qodef-icon qodef-e\" style=\"\" ><\/span>\t\t\t<\/a>\t<\/span><span class=\"qodef-shortcode qodef-m  qodef-icon-holder  qodef-layout--normal\"  >\t\t\t<a itemprop=\"url\" href=\"https:\/\/www.facebook.com\/fab621\/\" target=\"_blank\">\t\t\t<span class=\"qodef-icon-elegant-icons social_facebook qodef-icon qodef-e\" style=\"font-size: 14px\" ><\/span>\t\t\t<\/a>\t<\/span><span class=\"qodef-shortcode qodef-m  qodef-icon-holder  qodef-layout--normal\"  >\t\t\t<a itemprop=\"url\" href=\"https:\/\/www.instagram.com\/la.fabrique.621_officiel\/\" target=\"_blank\">\t\t\t<span class=\"qodef-icon-font-awesome fab fa-instagram qodef-icon qodef-e\" style=\"\" ><\/span>\t\t\t<\/a>\t<\/span>\t\t\t<\/div>\n\t\t\t<\/div><\/div><\/div>\n<\/div>\t\t\t\t<\/div>\n\t\t\t\t<\/div>\n\t\t\t\t<\/div>\n\t\t<div class=\"elementor-element elementor-element-b20dbcc e-con-full e-flex e-con e-child\" data-id=\"b20dbcc\" data-element_type=\"container\">\n\t\t\t\t<div class=\"elementor-element elementor-element-1027596 elementor-widget elementor-widget-text-editor\" data-id=\"1027596\" data-element_type=\"widget\" data-widget_type=\"text-editor.default\">\n\t\t\t\t<div class=\"elementor-widget-container\">\n\t\t\t\t\t\t\t\t\t<p>Conform\u00e9ment aux dispositions des articles 6-III et 19 de la Loi n\u00b0 2004-575 du 21 juin 2004 pour la Confiance dans l\u2019\u00e9conomie num\u00e9rique, dite L.C.E.N., nous portons \u00e0 la connaissance des utilisateurs et visiteurs du site (adresse web du site) les informations suivantes :<\/p>\t\t\t\t\t\t\t\t<\/div>\n\t\t\t\t<\/div>\n\t\t\t\t<div class=\"elementor-element elementor-element-25fcd44 elementor-widget elementor-widget-text-editor\" data-id=\"25fcd44\" data-element_type=\"widget\" data-widget_type=\"text-editor.default\">\n\t\t\t\t<div class=\"elementor-widget-container\">\n\t\t\t\t\t\t\t\t\t<h5>1. Informations l\u00e9gales :<\/h5>\t\t\t\t\t\t\t\t<\/div>\n\t\t\t\t<\/div>\n\t\t\t\t<div class=\"elementor-element elementor-element-36a3460 elementor-widget elementor-widget-text-editor\" data-id=\"36a3460\" data-element_type=\"widget\" data-widget_type=\"text-editor.default\">\n\t\t\t\t<div class=\"elementor-widget-container\">\n\t\t\t\t\t\t\t\t\t<p>Statut du propri\u00e9taire : (SASU) \u2013 (841 889 660 00012)<\/p><p>Le Propri\u00e9taire est : (Biomunity 621)<\/p><p>Adresse postale du propri\u00e9taire : (Campus de l\u2019innovation, 32 avenue Henri Varagnat 93140 Bondy)<\/p><p>Le Cr\u00e9ateur du site est : (Biomunity621)<\/p><p>Le Responsable de la publication est : (Biomunity 621)<\/p><p>Contacter le responsable de la publication : (contact@lafabrique621.com)<\/p><p>Le responsable de la publication est une personne physique<\/p><p>Le Webmaster est : (Biomunity 621)<\/p><p>Contacter le Webmaster :\u00a0 (Biomunity 621)<\/p><p>L\u2019h\u00e9bergeur du site est :<\/p><p>Infomaniak<\/p><p>Rue Eug\u00e8ne-Marziano 25, 1227 Gen\u00e8ve, Suisse<\/p>\t\t\t\t\t\t\t\t<\/div>\n\t\t\t\t<\/div>\n\t\t\t\t<div class=\"elementor-element elementor-element-9cd3931 elementor-widget elementor-widget-text-editor\" data-id=\"9cd3931\" data-element_type=\"widget\" data-widget_type=\"text-editor.default\">\n\t\t\t\t<div class=\"elementor-widget-container\">\n\t\t\t\t\t\t\t\t\t<h5>2. Pr\u00e9sentation et principe :<\/h5>\t\t\t\t\t\t\t\t<\/div>\n\t\t\t\t<\/div>\n\t\t\t\t<div class=\"elementor-element elementor-element-d0f2eaf elementor-widget elementor-widget-text-editor\" data-id=\"d0f2eaf\" data-element_type=\"widget\" data-widget_type=\"text-editor.default\">\n\t\t\t\t<div class=\"elementor-widget-container\">\n\t\t\t\t\t\t\t\t\t<p>Est d\u00e9sign\u00e9 ci-apr\u00e8s : Utilisateur, tout internaute se connectant et utilisant le site susnomm\u00e9 : La Fabrique 621<\/p><p>Le site La Fabrique 621 regroupe un ensemble de services, dans l\u2019\u00e9tat, mis \u00e0 la disposition des utilisateurs. Il est ici pr\u00e9cis\u00e9 que ces derniers doivent rester courtois et faire preuve de bonne foi tant envers les autres utilisateurs qu\u2019envers le webmaster du site La Fabrique 621. Le site La Fabrique 621 est mis \u00e0 jour r\u00e9guli\u00e8rement.<\/p><p>Biomunity 621 s\u2019efforce de fournir sur le site La Fabrique 621 des informations les plus pr\u00e9cises possibles.<\/p>\t\t\t\t\t\t\t\t<\/div>\n\t\t\t\t<\/div>\n\t\t\t\t<div class=\"elementor-element elementor-element-d14d533 elementor-widget elementor-widget-text-editor\" data-id=\"d14d533\" data-element_type=\"widget\" data-widget_type=\"text-editor.default\">\n\t\t\t\t<div class=\"elementor-widget-container\">\n\t\t\t\t\t\t\t\t\t<h5>3. Accessibilit\u00e9 :<\/h5>\t\t\t\t\t\t\t\t<\/div>\n\t\t\t\t<\/div>\n\t\t\t\t<div class=\"elementor-element elementor-element-29bdfc5 elementor-widget elementor-widget-text-editor\" data-id=\"29bdfc5\" data-element_type=\"widget\" data-widget_type=\"text-editor.default\">\n\t\t\t\t<div class=\"elementor-widget-container\">\n\t\t\t\t\t\t\t\t\t<p>Le site (La Fabrique 621) est par principe accessible aux utilisateurs 24\/24h, 7\/7j, sauf interruption, programm\u00e9e ou non, pour les besoins de sa maintenance ou en cas de force majeure. En cas d\u2019impossibilit\u00e9 d\u2019acc\u00e8s au service, La Fabrique 621 s\u2019engage \u00e0 faire son maximum afin de r\u00e9tablir l\u2019acc\u00e8s au service et s\u2019efforcera alors de communiquer pr\u00e9alablement aux utilisateurs les dates et heures de l\u2019intervention.\u00a0 N\u2019\u00e9tant soumis qu\u2019\u00e0 une obligation de moyen, La Fabrique 621 ne saurait \u00eatre tenu pour responsable de tout dommage, quelle qu\u2019en soit la nature, r\u00e9sultant d\u2019une indisponibilit\u00e9 du service.<\/p>\t\t\t\t\t\t\t\t<\/div>\n\t\t\t\t<\/div>\n\t\t\t\t<div class=\"elementor-element elementor-element-6ad1a32 elementor-widget elementor-widget-text-editor\" data-id=\"6ad1a32\" data-element_type=\"widget\" data-widget_type=\"text-editor.default\">\n\t\t\t\t<div class=\"elementor-widget-container\">\n\t\t\t\t\t\t\t\t\t<h5>4. Propri\u00e9t\u00e9 intellectuelle :<\/h5>\t\t\t\t\t\t\t\t<\/div>\n\t\t\t\t<\/div>\n\t\t\t\t<div class=\"elementor-element elementor-element-a08489c elementor-widget elementor-widget-text-editor\" data-id=\"a08489c\" data-element_type=\"widget\" data-widget_type=\"text-editor.default\">\n\t\t\t\t<div class=\"elementor-widget-container\">\n\t\t\t\t\t\t\t\t\t<p>Biomunity 621 est propri\u00e9taire exclusif de tous les droits de propri\u00e9t\u00e9 intellectuelle ou d\u00e9tient les droits d\u2019usage sur tous les \u00e9l\u00e9ments accessibles sur le site, tant sur la structure que sur les textes, images, graphismes, logo, ic\u00f4nes, sons, logiciels\u2026<\/p><p>Toute reproduction totale ou partielle du site La Fabrique 621, repr\u00e9sentation, modification, publication, adaptation totale ou partielle de l\u2019un quelconque de ces \u00e9l\u00e9ments, quel que soit le moyen ou le proc\u00e9d\u00e9 utilis\u00e9, est interdite, sauf autorisation \u00e9crite pr\u00e9alable de Biomunity 621, propri\u00e9taire du site \u00e0 l\u2019email : contact@lafabrique621.com?<\/p><p>A d\u00e9faut elle sera consid\u00e9r\u00e9e comme constitutive d\u2019une contrefa\u00e7on et passible de poursuite conform\u00e9ment aux dispositions des articles L.335-2 et suivants du Code de Propri\u00e9t\u00e9 Intellectuelle.<\/p>\t\t\t\t\t\t\t\t<\/div>\n\t\t\t\t<\/div>\n\t\t\t\t<div class=\"elementor-element elementor-element-15db21b elementor-widget elementor-widget-text-editor\" data-id=\"15db21b\" data-element_type=\"widget\" data-widget_type=\"text-editor.default\">\n\t\t\t\t<div class=\"elementor-widget-container\">\n\t\t\t\t\t\t\t\t\t<h5>5. Liens hypertextes et cookies :<\/h5>\t\t\t\t\t\t\t\t<\/div>\n\t\t\t\t<\/div>\n\t\t\t\t<div class=\"elementor-element elementor-element-2f57fb3 elementor-widget elementor-widget-text-editor\" data-id=\"2f57fb3\" data-element_type=\"widget\" data-widget_type=\"text-editor.default\">\n\t\t\t\t<div class=\"elementor-widget-container\">\n\t\t\t\t\t\t\t\t\t<p>L\u2019utilisateur est inform\u00e9 que lors de ses visites sur le site La Fabrique 621, un ou des cookies sont susceptibles de s\u2019installer automatiquement sur son ordinateur par l\u2019interm\u00e9diaire de son logiciel de navigation. Un cookie est un bloc de donn\u00e9es qui ne permet pas d\u2019identifier l\u2019utilisateur, mais qui enregistre des informations relatives \u00e0 la navigation de celui-ci sur le site.<\/p><p>Le param\u00e9trage du logiciel de navigation permet d\u2019informer de la pr\u00e9sence de cookie et \u00e9ventuellement, de la refuser de la mani\u00e8re d\u00e9crite \u00e0 l\u2019adresse suivante : www.cnil.fr. L\u2019utilisateur peut toutefois configurer le navigateur de son ordinateur pour refuser l\u2019installation des cookies, sachant que le refus d\u2019installation d\u2019un cookie peut entra\u00eener l\u2019impossibilit\u00e9 d\u2019acc\u00e9der \u00e0 certains services. Pour tout blocage des cookies, tapez dans votre moteur de recherche : blocage des cookies sous IE ou firefox et suivez les instructions en fonction de votre version.<\/p>\t\t\t\t\t\t\t\t<\/div>\n\t\t\t\t<\/div>\n\t\t\t\t<div class=\"elementor-element elementor-element-61e72eb elementor-widget elementor-widget-text-editor\" data-id=\"61e72eb\" data-element_type=\"widget\" data-widget_type=\"text-editor.default\">\n\t\t\t\t<div class=\"elementor-widget-container\">\n\t\t\t\t\t\t\t\t\t<h5>6. Protection des biens et des personnes \u2013 gestion des donn\u00e9es personnelles :<\/h5>\t\t\t\t\t\t\t\t<\/div>\n\t\t\t\t<\/div>\n\t\t\t\t<div class=\"elementor-element elementor-element-d74c873 elementor-widget elementor-widget-text-editor\" data-id=\"d74c873\" data-element_type=\"widget\" data-widget_type=\"text-editor.default\">\n\t\t\t\t<div class=\"elementor-widget-container\">\n\t\t\t\t\t\t\t\t\t<p>En France, les donn\u00e9es personnelles sont notamment prot\u00e9g\u00e9es par la loi n\u00b0 78-87 du 6 janvier 1978, la loi n\u00b0 2004-801 du 6 ao\u00fbt 2004, l\u2019article L. 226-13 du Code p\u00e9nal et la Directive Europ\u00e9enne du 24 octobre 1995.<\/p><p>Sur le site La Fabrique 621, Biomunity 621 ne collecte des informations personnelles (suivant l\u2019article 4 loi n\u00b078-17 du 06 janvier 1978) relatives \u00e0 l\u2019utilisateur que pour le besoin de certains services propos\u00e9s par le site La Fabrique 621. L\u2019utilisateur fournit ces informations en toute connaissance de cause, notamment lorsqu\u2019il proc\u00e8de par lui-m\u00eame \u00e0 leur saisie. Il est alors pr\u00e9cis\u00e9 \u00e0 l\u2019utilisateur du site La Fabrique 621 l\u2019obligation ou non de fournir ces informations.<\/p><p>Conform\u00e9ment aux dispositions des articles 38 et suivants de la loi 78-17 du 6 janvier 1978 relative \u00e0 l\u2019informatique, aux fichiers et aux libert\u00e9s, tout utilisateur dispose d\u2019un droit d\u2019acc\u00e8s, de rectification, de suppression et d\u2019opposition aux donn\u00e9es personnelles le concernant. Pour l\u2019exercer, adressez votre demande \u00e0 La Fabrique 621 par email : La Fabrique 621 ou par \u00e9crit d\u00fbment sign\u00e9e, accompagn\u00e9e d\u2019une copie du titre d\u2019identit\u00e9 avec signature du titulaire de la pi\u00e8ce, en pr\u00e9cisant l\u2019adresse \u00e0 laquelle la r\u00e9ponse doit \u00eatre envoy\u00e9e.<\/p><p>Aucune information personnelle de l\u2019utilisateur du site La Fabrique 621 n\u2019est publi\u00e9e \u00e0 l\u2019insu de l\u2019utilisateur, \u00e9chang\u00e9e, transf\u00e9r\u00e9e, c\u00e9d\u00e9e ou vendue sur un support quelconque \u00e0 des tiers. Seule l\u2019hypoth\u00e8se du rachat du site La Fabrique 621 et de ses droits autorise Biomunity 621 \u00e0 transmettre lesdites informations \u00e0 l\u2019\u00e9ventuel acqu\u00e9reur qui serait \u00e0 son tour tenu \u00e0 la m\u00eame obligation de conservation et de modification des donn\u00e9es vis \u00e0 vis de l\u2019utilisateur du site La Fabrique 621.<\/p><p>Le site La Fabrique 621 est en conformit\u00e9 avec le RGPD. Les bases de donn\u00e9es sont prot\u00e9g\u00e9es par les dispositions de la loi du 1er juillet 1998 transposant la directive 96\/9 du 11 mars 1996 relative \u00e0 la protection juridique des bases de donn\u00e9es.<\/p>\t\t\t\t\t\t\t\t<\/div>\n\t\t\t\t<\/div>\n\t\t\t\t<\/div>\n\t\t\t\t<\/div>\n\t\t\t\t<\/div>","protected":false},"excerpt":{"rendered":"<p>Conform\u00e9ment aux dispositions des articles 6-III et 19 de la Loi n\u00b0 2004-575 du 21 juin 2004 pour la Confiance dans l\u2019\u00e9conomie num\u00e9rique, dite L.C.E.N., nous portons \u00e0 la connaissance des utilisateurs et visiteurs du site (adresse web du site) les informations suivantes : 1. Informations l\u00e9gales : Statut du propri\u00e9taire : (SASU) \u2013 (841 [&hellip;]<\/p>","protected":false},"author":1,"featured_media":0,"parent":0,"menu_order":0,"comment_status":"closed","ping_status":"closed","template":"page-full-width.php","meta":{"content-type":"","footnotes":""},"class_list":["post-8433","page","type-page","status-publish","hentry"],"yoast_head":"<!-- This site is optimized with the Yoast SEO Premium plugin v23.9 (Yoast SEO v23.9) - https:\/\/yoast.com\/wordpress\/plugins\/seo\/ -->\n<title>Mentions l\u00e9gales - lafabrique621<\/title>\n<meta name=\"robots\" content=\"index, follow, max-snippet:-1, max-image-preview:large, max-video-preview:-1\" \/>\n<link rel=\"canonical\" href=\"https:\/\/lafabrique621.com\/en\/mentions-legales\/\" \/>\n<meta property=\"og:locale\" content=\"en_GB\" \/>\n<meta property=\"og:type\" content=\"article\" \/>\n<meta property=\"og:title\" content=\"Mentions l\u00e9gales\" \/>\n<meta property=\"og:description\" content=\"Conform\u00e9ment aux dispositions des articles 6-III et 19 de la Loi n\u00b0 2004-575 du 21 juin 2004 pour la Confiance dans l\u2019\u00e9conomie num\u00e9rique, dite L.C.E.N., nous portons \u00e0 la connaissance des utilisateurs et visiteurs du site (adresse web du site) les informations suivantes : 1. Informations l\u00e9gales : Statut du propri\u00e9taire : (SASU) \u2013 (841 [&hellip;]\" \/>\n<meta property=\"og:url\" content=\"https:\/\/lafabrique621.com\/en\/mentions-legales\/\" \/>\n<meta property=\"og:site_name\" content=\"lafabrique621\" \/>\n<meta property=\"article:publisher\" content=\"https:\/\/www.facebook.com\/fab621\" \/>\n<meta property=\"article:modified_time\" content=\"2023-11-29T10:07:18+00:00\" \/>\n<meta name=\"twitter:card\" content=\"summary_large_image\" \/>\n<meta name=\"twitter:label1\" content=\"Estimated reading time\" \/>\n\t<meta name=\"twitter:data1\" content=\"5 minutes\" \/>\n<script type=\"application\/ld+json\" class=\"yoast-schema-graph\">{\"@context\":\"https:\/\/schema.org\",\"@graph\":[{\"@type\":\"WebPage\",\"@id\":\"https:\/\/lafabrique621.com\/en\/mentions-legales\/\",\"url\":\"https:\/\/lafabrique621.com\/en\/mentions-legales\/\",\"name\":\"Mentions l\u00e9gales - lafabrique621\",\"isPartOf\":{\"@id\":\"https:\/\/lafabrique621.com\/en\/#website\"},\"datePublished\":\"2023-11-28T14:41:38+00:00\",\"dateModified\":\"2023-11-29T10:07:18+00:00\",\"breadcrumb\":{\"@id\":\"https:\/\/lafabrique621.com\/en\/mentions-legales\/#breadcrumb\"},\"inLanguage\":\"en-GB\",\"potentialAction\":[{\"@type\":\"ReadAction\",\"target\":[\"https:\/\/lafabrique621.com\/en\/mentions-legales\/\"]}]},{\"@type\":\"BreadcrumbList\",\"@id\":\"https:\/\/lafabrique621.com\/en\/mentions-legales\/#breadcrumb\",\"itemListElement\":[{\"@type\":\"ListItem\",\"position\":1,\"name\":\"Accueil\",\"item\":\"https:\/\/lafabrique621.com\/en\/\"},{\"@type\":\"ListItem\",\"position\":2,\"name\":\"Mentions l\u00e9gales\"}]},{\"@type\":\"WebSite\",\"@id\":\"https:\/\/lafabrique621.com\/en\/#website\",\"url\":\"https:\/\/lafabrique621.com\/en\/\",\"name\":\"lafabrique621\",\"description\":\"\",\"publisher\":{\"@id\":\"https:\/\/lafabrique621.com\/en\/#organization\"},\"potentialAction\":[{\"@type\":\"SearchAction\",\"target\":{\"@type\":\"EntryPoint\",\"urlTemplate\":\"https:\/\/lafabrique621.com\/en\/?s={search_term_string}\"},\"query-input\":{\"@type\":\"PropertyValueSpecification\",\"valueRequired\":true,\"valueName\":\"search_term_string\"}}],\"inLanguage\":\"en-GB\"},{\"@type\":\"Organization\",\"@id\":\"https:\/\/lafabrique621.com\/en\/#organization\",\"name\":\"lafabrique621\",\"url\":\"https:\/\/lafabrique621.com\/en\/\",\"logo\":{\"@type\":\"ImageObject\",\"inLanguage\":\"en-GB\",\"@id\":\"https:\/\/lafabrique621.com\/en\/#\/schema\/logo\/image\/\",\"url\":\"https:\/\/lafabrique621.com\/wp-content\/uploads\/2023\/11\/cropped-fab621_logo-noir.png\",\"contentUrl\":\"https:\/\/lafabrique621.com\/wp-content\/uploads\/2023\/11\/cropped-fab621_logo-noir.png\",\"width\":4439,\"height\":775,\"caption\":\"lafabrique621\"},\"image\":{\"@id\":\"https:\/\/lafabrique621.com\/en\/#\/schema\/logo\/image\/\"},\"sameAs\":[\"https:\/\/www.facebook.com\/fab621\",\"https:\/\/www.instagram.com\/la.fabrique.621_officiel\/\",\"https:\/\/www.linkedin.com\/company\/fab621\"]}]}<\/script>\n<!-- \/ Yoast SEO Premium plugin. -->","yoast_head_json":{"title":"Mentions l\u00e9gales - lafabrique621","robots":{"index":"index","follow":"follow","max-snippet":"max-snippet:-1","max-image-preview":"max-image-preview:large","max-video-preview":"max-video-preview:-1"},"canonical":"https:\/\/lafabrique621.com\/en\/mentions-legales\/","og_locale":"en_GB","og_type":"article","og_title":"Mentions l\u00e9gales","og_description":"Conform\u00e9ment aux dispositions des articles 6-III et 19 de la Loi n\u00b0 2004-575 du 21 juin 2004 pour la Confiance dans l\u2019\u00e9conomie num\u00e9rique, dite L.C.E.N., nous portons \u00e0 la connaissance des utilisateurs et visiteurs du site (adresse web du site) les informations suivantes : 1. Informations l\u00e9gales : Statut du propri\u00e9taire : (SASU) \u2013 (841 [&hellip;]","og_url":"https:\/\/lafabrique621.com\/en\/mentions-legales\/","og_site_name":"lafabrique621","article_publisher":"https:\/\/www.facebook.com\/fab621","article_modified_time":"2023-11-29T10:07:18+00:00","twitter_card":"summary_large_image","twitter_misc":{"Estimated reading time":"5 minutes"},"schema":{"@context":"https:\/\/schema.org","@graph":[{"@type":"WebPage","@id":"https:\/\/lafabrique621.com\/en\/mentions-legales\/","url":"https:\/\/lafabrique621.com\/en\/mentions-legales\/","name":"Mentions l\u00e9gales - lafabrique621","isPartOf":{"@id":"https:\/\/lafabrique621.com\/en\/#website"},"datePublished":"2023-11-28T14:41:38+00:00","dateModified":"2023-11-29T10:07:18+00:00","breadcrumb":{"@id":"https:\/\/lafabrique621.com\/en\/mentions-legales\/#breadcrumb"},"inLanguage":"en-GB","potentialAction":[{"@type":"ReadAction","target":["https:\/\/lafabrique621.com\/en\/mentions-legales\/"]}]},{"@type":"BreadcrumbList","@id":"https:\/\/lafabrique621.com\/en\/mentions-legales\/#breadcrumb","itemListElement":[{"@type":"ListItem","position":1,"name":"Accueil","item":"https:\/\/lafabrique621.com\/en\/"},{"@type":"ListItem","position":2,"name":"Mentions l\u00e9gales"}]},{"@type":"WebSite","@id":"https:\/\/lafabrique621.com\/en\/#website","url":"https:\/\/lafabrique621.com\/en\/","name":"lafabrique621","description":"","publisher":{"@id":"https:\/\/lafabrique621.com\/en\/#organization"},"potentialAction":[{"@type":"SearchAction","target":{"@type":"EntryPoint","urlTemplate":"https:\/\/lafabrique621.com\/en\/?s={search_term_string}"},"query-input":{"@type":"PropertyValueSpecification","valueRequired":true,"valueName":"search_term_string"}}],"inLanguage":"en-GB"},{"@type":"Organization","@id":"https:\/\/lafabrique621.com\/en\/#organization","name":"lafabrique621","url":"https:\/\/lafabrique621.com\/en\/","logo":{"@type":"ImageObject","inLanguage":"en-GB","@id":"https:\/\/lafabrique621.com\/en\/#\/schema\/logo\/image\/","url":"https:\/\/lafabrique621.com\/wp-content\/uploads\/2023\/11\/cropped-fab621_logo-noir.png","contentUrl":"https:\/\/lafabrique621.com\/wp-content\/uploads\/2023\/11\/cropped-fab621_logo-noir.png","width":4439,"height":775,"caption":"lafabrique621"},"image":{"@id":"https:\/\/lafabrique621.com\/en\/#\/schema\/logo\/image\/"},"sameAs":["https:\/\/www.facebook.com\/fab621","https:\/\/www.instagram.com\/la.fabrique.621_officiel\/","https:\/\/www.linkedin.com\/company\/fab621"]}]}},"jetpack_sharing_enabled":true,"_links":{"self":[{"href":"https:\/\/lafabrique621.com\/en\/wp-json\/wp\/v2\/pages\/8433","targetHints":{"allow":["GET"]}}],"collection":[{"href":"https:\/\/lafabrique621.com\/en\/wp-json\/wp\/v2\/pages"}],"about":[{"href":"https:\/\/lafabrique621.com\/en\/wp-json\/wp\/v2\/types\/page"}],"author":[{"embeddable":true,"href":"https:\/\/lafabrique621.com\/en\/wp-json\/wp\/v2\/users\/1"}],"replies":[{"embeddable":true,"href":"https:\/\/lafabrique621.com\/en\/wp-json\/wp\/v2\/comments?post=8433"}],"version-history":[{"count":14,"href":"https:\/\/lafabrique621.com\/en\/wp-json\/wp\/v2\/pages\/8433\/revisions"}],"predecessor-version":[{"id":8453,"href":"https:\/\/lafabrique621.com\/en\/wp-json\/wp\/v2\/pages\/8433\/revisions\/8453"}],"wp:attachment":[{"href":"https:\/\/lafabrique621.com\/en\/wp-json\/wp\/v2\/media?parent=8433"}],"curies":[{"name":"wp","href":"https:\/\/api.w.org\/{rel}","templated":true}]}}