{"id":5009,"date":"2023-07-27T06:17:40","date_gmt":"2023-07-27T06:17:40","guid":{"rendered":"https:\/\/teenglow.qodeinteractive.com\/?page_id=5009"},"modified":"2025-01-10T10:04:34","modified_gmt":"2025-01-10T10:04:34","slug":"labo-formulation-cosmetique","status":"publish","type":"page","link":"https:\/\/lafabrique621.com\/en\/labo-formulation-cosmetique\/","title":{"rendered":"Formulaire laboratoire"},"content":{"rendered":"<div data-elementor-type=\"wp-page\" data-elementor-id=\"5009\" class=\"elementor elementor-5009\" data-elementor-post-type=\"page\">\n\t\t\t\t<div class=\"elementor-element elementor-element-69cc789 e-flex e-con-boxed e-con e-parent\" data-id=\"69cc789\" data-element_type=\"container\">\n\t\t\t\t\t<div class=\"e-con-inner\">\n\t\t\t\t<div class=\"elementor-element elementor-element-d9b5523 elementor-widget elementor-widget-image\" data-id=\"d9b5523\" data-element_type=\"widget\" data-widget_type=\"image.default\">\n\t\t\t\t<div class=\"elementor-widget-container\">\n\t\t\t\t\t\t\t\t\t\t\t\t\t\t\t<img fetchpriority=\"high\" decoding=\"async\" width=\"1024\" height=\"683\" src=\"https:\/\/lafabrique621.com\/wp-content\/uploads\/2024\/08\/laboratoire-cosmetique-1024x683.webp\" class=\"attachment-large size-large wp-image-10149\" alt=\"\" srcset=\"https:\/\/lafabrique621.com\/wp-content\/uploads\/2024\/08\/laboratoire-cosmetique-1024x683.webp 1024w, https:\/\/lafabrique621.com\/wp-content\/uploads\/2024\/08\/laboratoire-cosmetique-300x200.webp 300w, https:\/\/lafabrique621.com\/wp-content\/uploads\/2024\/08\/laboratoire-cosmetique-768x512.webp 768w, https:\/\/lafabrique621.com\/wp-content\/uploads\/2024\/08\/laboratoire-cosmetique-1536x1025.webp 1536w, https:\/\/lafabrique621.com\/wp-content\/uploads\/2024\/08\/laboratoire-cosmetique.webp 1688w\" sizes=\"(max-width: 1024px) 100vw, 1024px\" \/>\t\t\t\t\t\t\t\t\t\t\t\t\t\t\t<\/div>\n\t\t\t\t<\/div>\n\t\t\t\t\t<\/div>\n\t\t\t\t<\/div>\n\t\t<div class=\"elementor-element elementor-element-443db70 e-flex e-con-boxed e-con e-parent\" data-id=\"443db70\" data-element_type=\"container\">\n\t\t\t\t\t<div class=\"e-con-inner\">\n\t\t\t\t<div class=\"elementor-element elementor-element-95ea0a1 elementor-widget elementor-widget-heading\" data-id=\"95ea0a1\" data-element_type=\"widget\" data-widget_type=\"heading.default\">\n\t\t\t\t<div class=\"elementor-widget-container\">\n\t\t\t\t\t<h2 class=\"elementor-heading-title elementor-size-default\">Discutons de vos projets cosm\u00e9tiques ensemble<\/h2>\t\t\t\t<\/div>\n\t\t\t\t<\/div>\n\t\t\t\t\t<\/div>\n\t\t\t\t<\/div>\n\t\t<div class=\"elementor-element elementor-element-42259c5 e-flex e-con-boxed e-con e-parent\" data-id=\"42259c5\" data-element_type=\"container\">\n\t\t\t\t\t<div class=\"e-con-inner\">\n\t\t\t\t<div class=\"elementor-element elementor-element-b170876 elementor-widget elementor-widget-hubspot-form\" data-id=\"b170876\" data-element_type=\"widget\" data-widget_type=\"hubspot-form.default\">\n\t\t\t\t<div class=\"elementor-widget-container\">\n\t\t\t\t\t\n\t\t\t\t\t<script>\n\t\t\t\t\t\twindow.hsFormsOnReady = window.hsFormsOnReady || [];\n\t\t\t\t\t\twindow.hsFormsOnReady.push(()=>{\n\t\t\t\t\t\t\thbspt.forms.create({\n\t\t\t\t\t\t\t\tportalId: 48792996,\n\t\t\t\t\t\t\t\tformId: \"a1f7ce24-5b17-40b7-bda6-a6bf54cb7240\",\n\t\t\t\t\t\t\t\ttarget: \"#hbspt-form-1778417780000-9134128164\",\n\t\t\t\t\t\t\t\tregion: \"na1\",\n\t\t\t\t\t\t\t\t\n\t\t\t\t\t\t})});\n\t\t\t\t\t<\/script>\n\t\t\t\t\t<div class=\"hbspt-form\" id=\"hbspt-form-1778417780000-9134128164\"><\/div>\t\t\t\t<\/div>\n\t\t\t\t<\/div>\n\t\t\t\t\t<\/div>\n\t\t\t\t<\/div>\n\t\t\t\t<\/div>","protected":false},"excerpt":{"rendered":"<p>Discutons de vos projets cosm\u00e9tiques ensemble<\/p>","protected":false},"author":1,"featured_media":0,"parent":0,"menu_order":0,"comment_status":"closed","ping_status":"closed","template":"page-full-width.php","meta":{"content-type":"","footnotes":""},"class_list":["post-5009","page","type-page","status-publish","hentry"],"yoast_head":"<!-- This site is optimized with the Yoast SEO Premium plugin v23.9 (Yoast SEO v23.9) - https:\/\/yoast.com\/wordpress\/plugins\/seo\/ -->\n<title>Formulaire laboratoire - lafabrique621<\/title>\n<meta name=\"description\" content=\"Explorez le monde de la beaut\u00e9 avec le laboratoire cosm\u00e9tique. D\u00e9couvrezleur expertise en mati\u00e8re de soins du visage et des cheveux.\" \/>\n<meta name=\"robots\" content=\"index, follow, max-snippet:-1, max-image-preview:large, max-video-preview:-1\" \/>\n<link rel=\"canonical\" href=\"https:\/\/lafabrique621.com\/en\/labo-formulation-cosmetique\/\" \/>\n<meta property=\"og:locale\" content=\"en_GB\" \/>\n<meta property=\"og:type\" content=\"article\" \/>\n<meta property=\"og:title\" content=\"Formulaire laboratoire\" \/>\n<meta property=\"og:description\" content=\"Explorez le monde de la beaut\u00e9 avec le laboratoire cosm\u00e9tique. D\u00e9couvrezleur expertise en mati\u00e8re de soins du visage et des cheveux.\" \/>\n<meta property=\"og:url\" content=\"https:\/\/lafabrique621.com\/en\/labo-formulation-cosmetique\/\" \/>\n<meta property=\"og:site_name\" content=\"lafabrique621\" \/>\n<meta property=\"article:publisher\" content=\"https:\/\/www.facebook.com\/fab621\" \/>\n<meta property=\"article:modified_time\" content=\"2025-01-10T10:04:34+00:00\" \/>\n<meta property=\"og:image\" content=\"https:\/\/lafabrique621.com\/wp-content\/uploads\/2024\/08\/laboratoire-cosmetique-1024x683.webp\" \/>\n<meta name=\"twitter:card\" content=\"summary_large_image\" \/>\n<meta name=\"twitter:label1\" content=\"Estimated reading time\" \/>\n\t<meta name=\"twitter:data1\" content=\"1 minute\" \/>\n<script type=\"application\/ld+json\" class=\"yoast-schema-graph\">{\"@context\":\"https:\/\/schema.org\",\"@graph\":[{\"@type\":\"WebPage\",\"@id\":\"https:\/\/lafabrique621.com\/en\/labo-formulation-cosmetique\/\",\"url\":\"https:\/\/lafabrique621.com\/en\/labo-formulation-cosmetique\/\",\"name\":\"Formulaire laboratoire - lafabrique621\",\"isPartOf\":{\"@id\":\"https:\/\/lafabrique621.com\/en\/#website\"},\"primaryImageOfPage\":{\"@id\":\"https:\/\/lafabrique621.com\/en\/labo-formulation-cosmetique\/#primaryimage\"},\"image\":{\"@id\":\"https:\/\/lafabrique621.com\/en\/labo-formulation-cosmetique\/#primaryimage\"},\"thumbnailUrl\":\"https:\/\/lafabrique621.com\/wp-content\/uploads\/2024\/08\/laboratoire-cosmetique-1024x683.webp\",\"datePublished\":\"2023-07-27T06:17:40+00:00\",\"dateModified\":\"2025-01-10T10:04:34+00:00\",\"description\":\"Explorez le monde de la beaut\u00e9 avec le laboratoire cosm\u00e9tique. D\u00e9couvrezleur expertise en mati\u00e8re de soins du visage et des cheveux.\",\"breadcrumb\":{\"@id\":\"https:\/\/lafabrique621.com\/en\/labo-formulation-cosmetique\/#breadcrumb\"},\"inLanguage\":\"en-GB\",\"potentialAction\":[{\"@type\":\"ReadAction\",\"target\":[\"https:\/\/lafabrique621.com\/en\/labo-formulation-cosmetique\/\"]}]},{\"@type\":\"ImageObject\",\"inLanguage\":\"en-GB\",\"@id\":\"https:\/\/lafabrique621.com\/en\/labo-formulation-cosmetique\/#primaryimage\",\"url\":\"https:\/\/lafabrique621.com\/wp-content\/uploads\/2024\/08\/laboratoire-cosmetique-1024x683.webp\",\"contentUrl\":\"https:\/\/lafabrique621.com\/wp-content\/uploads\/2024\/08\/laboratoire-cosmetique-1024x683.webp\"},{\"@type\":\"BreadcrumbList\",\"@id\":\"https:\/\/lafabrique621.com\/en\/labo-formulation-cosmetique\/#breadcrumb\",\"itemListElement\":[{\"@type\":\"ListItem\",\"position\":1,\"name\":\"Accueil\",\"item\":\"https:\/\/lafabrique621.com\/en\/\"},{\"@type\":\"ListItem\",\"position\":2,\"name\":\"Formulaire laboratoire\"}]},{\"@type\":\"WebSite\",\"@id\":\"https:\/\/lafabrique621.com\/en\/#website\",\"url\":\"https:\/\/lafabrique621.com\/en\/\",\"name\":\"lafabrique621\",\"description\":\"La Fabrique 621, laboratoire expert de la cosm\u00e9tique naturelle\",\"publisher\":{\"@id\":\"https:\/\/lafabrique621.com\/en\/#organization\"},\"potentialAction\":[{\"@type\":\"SearchAction\",\"target\":{\"@type\":\"EntryPoint\",\"urlTemplate\":\"https:\/\/lafabrique621.com\/en\/?s={search_term_string}\"},\"query-input\":{\"@type\":\"PropertyValueSpecification\",\"valueRequired\":true,\"valueName\":\"search_term_string\"}}],\"inLanguage\":\"en-GB\"},{\"@type\":\"Organization\",\"@id\":\"https:\/\/lafabrique621.com\/en\/#organization\",\"name\":\"lafabrique621\",\"url\":\"https:\/\/lafabrique621.com\/en\/\",\"logo\":{\"@type\":\"ImageObject\",\"inLanguage\":\"en-GB\",\"@id\":\"https:\/\/lafabrique621.com\/en\/#\/schema\/logo\/image\/\",\"url\":\"https:\/\/lafabrique621.com\/wp-content\/uploads\/2023\/11\/cropped-fab621_logo-noir.png\",\"contentUrl\":\"https:\/\/lafabrique621.com\/wp-content\/uploads\/2023\/11\/cropped-fab621_logo-noir.png\",\"width\":4439,\"height\":775,\"caption\":\"lafabrique621\"},\"image\":{\"@id\":\"https:\/\/lafabrique621.com\/en\/#\/schema\/logo\/image\/\"},\"sameAs\":[\"https:\/\/www.facebook.com\/fab621\",\"https:\/\/www.instagram.com\/la.fabrique.621_officiel\/\",\"https:\/\/www.linkedin.com\/company\/fab621\"]}]}<\/script>\n<!-- \/ Yoast SEO Premium plugin. -->","yoast_head_json":{"title":"Formulaire laboratoire - lafabrique621","description":"Explorez le monde de la beaut\u00e9 avec le laboratoire cosm\u00e9tique. D\u00e9couvrezleur expertise en mati\u00e8re de soins du visage et des cheveux.","robots":{"index":"index","follow":"follow","max-snippet":"max-snippet:-1","max-image-preview":"max-image-preview:large","max-video-preview":"max-video-preview:-1"},"canonical":"https:\/\/lafabrique621.com\/en\/labo-formulation-cosmetique\/","og_locale":"en_GB","og_type":"article","og_title":"Formulaire laboratoire","og_description":"Explorez le monde de la beaut\u00e9 avec le laboratoire cosm\u00e9tique. D\u00e9couvrezleur expertise en mati\u00e8re de soins du visage et des cheveux.","og_url":"https:\/\/lafabrique621.com\/en\/labo-formulation-cosmetique\/","og_site_name":"lafabrique621","article_publisher":"https:\/\/www.facebook.com\/fab621","article_modified_time":"2025-01-10T10:04:34+00:00","og_image":[{"url":"https:\/\/lafabrique621.com\/wp-content\/uploads\/2024\/08\/laboratoire-cosmetique-1024x683.webp"}],"twitter_card":"summary_large_image","twitter_misc":{"Estimated reading time":"1 minute"},"schema":{"@context":"https:\/\/schema.org","@graph":[{"@type":"WebPage","@id":"https:\/\/lafabrique621.com\/en\/labo-formulation-cosmetique\/","url":"https:\/\/lafabrique621.com\/en\/labo-formulation-cosmetique\/","name":"Formulaire laboratoire - lafabrique621","isPartOf":{"@id":"https:\/\/lafabrique621.com\/en\/#website"},"primaryImageOfPage":{"@id":"https:\/\/lafabrique621.com\/en\/labo-formulation-cosmetique\/#primaryimage"},"image":{"@id":"https:\/\/lafabrique621.com\/en\/labo-formulation-cosmetique\/#primaryimage"},"thumbnailUrl":"https:\/\/lafabrique621.com\/wp-content\/uploads\/2024\/08\/laboratoire-cosmetique-1024x683.webp","datePublished":"2023-07-27T06:17:40+00:00","dateModified":"2025-01-10T10:04:34+00:00","description":"Explorez le monde de la beaut\u00e9 avec le laboratoire cosm\u00e9tique. D\u00e9couvrezleur expertise en mati\u00e8re de soins du visage et des cheveux.","breadcrumb":{"@id":"https:\/\/lafabrique621.com\/en\/labo-formulation-cosmetique\/#breadcrumb"},"inLanguage":"en-GB","potentialAction":[{"@type":"ReadAction","target":["https:\/\/lafabrique621.com\/en\/labo-formulation-cosmetique\/"]}]},{"@type":"ImageObject","inLanguage":"en-GB","@id":"https:\/\/lafabrique621.com\/en\/labo-formulation-cosmetique\/#primaryimage","url":"https:\/\/lafabrique621.com\/wp-content\/uploads\/2024\/08\/laboratoire-cosmetique-1024x683.webp","contentUrl":"https:\/\/lafabrique621.com\/wp-content\/uploads\/2024\/08\/laboratoire-cosmetique-1024x683.webp"},{"@type":"BreadcrumbList","@id":"https:\/\/lafabrique621.com\/en\/labo-formulation-cosmetique\/#breadcrumb","itemListElement":[{"@type":"ListItem","position":1,"name":"Accueil","item":"https:\/\/lafabrique621.com\/en\/"},{"@type":"ListItem","position":2,"name":"Formulaire laboratoire"}]},{"@type":"WebSite","@id":"https:\/\/lafabrique621.com\/en\/#website","url":"https:\/\/lafabrique621.com\/en\/","name":"lafabrique621","description":"La Fabrique 621, laboratoire expert de la cosm\u00e9tique naturelle","publisher":{"@id":"https:\/\/lafabrique621.com\/en\/#organization"},"potentialAction":[{"@type":"SearchAction","target":{"@type":"EntryPoint","urlTemplate":"https:\/\/lafabrique621.com\/en\/?s={search_term_string}"},"query-input":{"@type":"PropertyValueSpecification","valueRequired":true,"valueName":"search_term_string"}}],"inLanguage":"en-GB"},{"@type":"Organization","@id":"https:\/\/lafabrique621.com\/en\/#organization","name":"lafabrique621","url":"https:\/\/lafabrique621.com\/en\/","logo":{"@type":"ImageObject","inLanguage":"en-GB","@id":"https:\/\/lafabrique621.com\/en\/#\/schema\/logo\/image\/","url":"https:\/\/lafabrique621.com\/wp-content\/uploads\/2023\/11\/cropped-fab621_logo-noir.png","contentUrl":"https:\/\/lafabrique621.com\/wp-content\/uploads\/2023\/11\/cropped-fab621_logo-noir.png","width":4439,"height":775,"caption":"lafabrique621"},"image":{"@id":"https:\/\/lafabrique621.com\/en\/#\/schema\/logo\/image\/"},"sameAs":["https:\/\/www.facebook.com\/fab621","https:\/\/www.instagram.com\/la.fabrique.621_officiel\/","https:\/\/www.linkedin.com\/company\/fab621"]}]}},"jetpack_sharing_enabled":true,"_links":{"self":[{"href":"https:\/\/lafabrique621.com\/en\/wp-json\/wp\/v2\/pages\/5009","targetHints":{"allow":["GET"]}}],"collection":[{"href":"https:\/\/lafabrique621.com\/en\/wp-json\/wp\/v2\/pages"}],"about":[{"href":"https:\/\/lafabrique621.com\/en\/wp-json\/wp\/v2\/types\/page"}],"author":[{"embeddable":true,"href":"https:\/\/lafabrique621.com\/en\/wp-json\/wp\/v2\/users\/1"}],"replies":[{"embeddable":true,"href":"https:\/\/lafabrique621.com\/en\/wp-json\/wp\/v2\/comments?post=5009"}],"version-history":[{"count":58,"href":"https:\/\/lafabrique621.com\/en\/wp-json\/wp\/v2\/pages\/5009\/revisions"}],"predecessor-version":[{"id":11092,"href":"https:\/\/lafabrique621.com\/en\/wp-json\/wp\/v2\/pages\/5009\/revisions\/11092"}],"wp:attachment":[{"href":"https:\/\/lafabrique621.com\/en\/wp-json\/wp\/v2\/media?parent=5009"}],"curies":[{"name":"wp","href":"https:\/\/api.w.org\/{rel}","templated":true}]}}