{"id":4923,"date":"2023-07-26T12:52:56","date_gmt":"2023-07-26T12:52:56","guid":{"rendered":"https:\/\/teenglow.qodeinteractive.com\/?page_id=4923"},"modified":"2025-01-10T19:55:22","modified_gmt":"2025-01-10T19:55:22","slug":"about-me","status":"publish","type":"page","link":"https:\/\/lafabrique621.com\/en\/about-me\/","title":{"rendered":"Portrait de la fondatrice"},"content":{"rendered":"<div data-elementor-type=\"wp-page\" data-elementor-id=\"4923\" class=\"elementor elementor-4923\" data-elementor-post-type=\"page\">\n\t\t\t\t<div class=\"elementor-element elementor-element-c3f186d e-con-full e-flex e-con e-parent\" data-id=\"c3f186d\" data-element_type=\"container\">\n\t\t<div class=\"elementor-element elementor-element-e4fafbd e-con-full e-flex e-con e-child\" data-id=\"e4fafbd\" data-element_type=\"container\" data-settings=\"{&quot;background_background&quot;:&quot;classic&quot;}\">\n\t\t\t\t<div class=\"elementor-element elementor-element-cd60c73 elementor-widget elementor-widget-teenglow_core_section_title\" data-id=\"cd60c73\" data-element_type=\"widget\" data-widget_type=\"teenglow_core_section_title.default\">\n\t\t\t\t<div class=\"elementor-widget-container\">\n\t\t\t\t\t<div class=\"qodef-shortcode qodef-m  qodef-section-title qodef-alignment--left qodef-title-break--disabled\">\n\t\t<h1 class=\"qodef-m-title\" >\n\t\t\t\t\tPortrait de la<br \/> Fondatrice\t\t\t<\/h1>\n\t<\/div>\n\t\t\t\t<\/div>\n\t\t\t\t<\/div>\n\t\t\t\t<div class=\"elementor-element elementor-element-dbd4cb3 elementor-widget elementor-widget-text-editor\" data-id=\"dbd4cb3\" data-element_type=\"widget\" data-widget_type=\"text-editor.default\">\n\t\t\t\t<div class=\"elementor-widget-container\">\n\t\t\t\t\t\t\t\t\t<p>Je suis une femme de 39 ans maman de deux petites filles.<\/p><p><br \/>Je suis un ancien cadre dans la strat\u00e9gie financi\u00e8re pour des banques internationales. J\u2019ai commenc\u00e9 \u00e0 faire mes propres produits pour ma premi\u00e8re fille. J\u2019ai continu\u00e9 ainsi pour son entourage proche et ses coll\u00e8gues. Suite aux retours positifs, sur les produits que je faisais, je d\u00e9cide de cr\u00e9er une gamme de cosm\u00e9tique naturelle.<\/p><p><br \/>Fi\u00e8re de mes origines et engag\u00e9es\u00a0dans les questions environnementales, j\u2019imagine, en 2017, une gamme de cosm\u00e9tique solide, refl\u00e9tant mes origines Ouest-Africaines.<\/p><p><br \/>Face aux nombreuses barri\u00e8res pr\u00e9sentes dans l&rsquo;industrie, techniques et relationnelles, je d\u00e9cide de cr\u00e9er La Fabrique 621 pour donner la chance \u00e0 tous ceux qui souhaitent se lancer et d\u00e9velopper leur concept.<\/p><p><br \/>Depuis 2018, j\u2019accompagne, via le dispositif La Fabrique 621, des cr\u00e9ateurs qui souhaitent d\u00e9velopper leur concept et maximiser leurs chances de p\u00e9renniser leurs projets cosm\u00e9tiques.<\/p><p>\u00a0<\/p>\t\t\t\t\t\t\t\t<\/div>\n\t\t\t\t<\/div>\n\t\t\t\t<div class=\"elementor-element elementor-element-828134c elementor-widget elementor-widget-text-editor\" data-id=\"828134c\" data-element_type=\"widget\" data-widget_type=\"text-editor.default\">\n\t\t\t\t<div class=\"elementor-widget-container\">\n\t\t\t\t\t\t\t\t\t<p>XO,\u00a0<br \/>Diogou<\/p>\t\t\t\t\t\t\t\t<\/div>\n\t\t\t\t<\/div>\n\t\t\t\t<div class=\"elementor-element elementor-element-f7a50bd elementor-widget elementor-widget-teenglow_core_single_image\" data-id=\"f7a50bd\" data-element_type=\"widget\" data-widget_type=\"teenglow_core_single_image.default\">\n\t\t\t\t<div class=\"elementor-widget-container\">\n\t\t\t\t\t<div class=\"qodef-shortcode qodef-m  qodef-single-image qodef-layout--default\">\n\t\t\t<div class=\"qodef-m-image\">\n\t\t\t\t\t\t\t\t<img fetchpriority=\"high\" decoding=\"async\" width=\"300\" height=\"300\" src=\"https:\/\/lafabrique621.com\/wp-content\/uploads\/2023\/11\/Diogou-300x300.webp\" class=\"attachment-medium size-medium\" alt=\"\" srcset=\"https:\/\/lafabrique621.com\/wp-content\/uploads\/2023\/11\/Diogou-300x300.webp 300w, https:\/\/lafabrique621.com\/wp-content\/uploads\/2023\/11\/Diogou-150x150.webp 150w, https:\/\/lafabrique621.com\/wp-content\/uploads\/2023\/11\/Diogou-768x768.webp 768w, https:\/\/lafabrique621.com\/wp-content\/uploads\/2023\/11\/Diogou-650x650.webp 650w, https:\/\/lafabrique621.com\/wp-content\/uploads\/2023\/11\/Diogou-600x600.webp 600w, https:\/\/lafabrique621.com\/wp-content\/uploads\/2023\/11\/Diogou-100x100.webp 100w, https:\/\/lafabrique621.com\/wp-content\/uploads\/2023\/11\/Diogou.webp 1000w\" sizes=\"(max-width: 300px) 100vw, 300px\" \/>\t\t\t\t\t\t\t<\/div>\n\t<\/div>\n\t\t\t\t<\/div>\n\t\t\t\t<\/div>\n\t\t\t\t<\/div>\n\t\t<div class=\"elementor-element elementor-element-dbf369f e-con-full e-flex e-con e-child\" data-id=\"dbf369f\" data-element_type=\"container\" data-settings=\"{&quot;background_background&quot;:&quot;classic&quot;}\">\n\t\t\t\t<div class=\"elementor-element elementor-element-ce98806 elementor-widget elementor-widget-spacer\" data-id=\"ce98806\" data-element_type=\"widget\" data-widget_type=\"spacer.default\">\n\t\t\t\t<div class=\"elementor-widget-container\">\n\t\t\t\t\t\t\t<div class=\"elementor-spacer\">\n\t\t\t<div class=\"elementor-spacer-inner\"><\/div>\n\t\t<\/div>\n\t\t\t\t\t\t<\/div>\n\t\t\t\t<\/div>\n\t\t\t\t<\/div>\n\t\t\t\t<\/div>\n\t\t\t\t<\/div>","protected":false},"excerpt":{"rendered":"<p>Portrait de la Fondatrice Je suis une femme de 39 ans maman de deux petites filles. Je suis un ancien cadre dans la strat\u00e9gie financi\u00e8re pour des banques internationales. J\u2019ai commenc\u00e9 \u00e0 faire mes propres produits pour ma premi\u00e8re fille. J\u2019ai continu\u00e9 ainsi pour son entourage proche et ses coll\u00e8gues. Suite aux retours positifs, sur [&hellip;]<\/p>","protected":false},"author":1,"featured_media":0,"parent":0,"menu_order":0,"comment_status":"closed","ping_status":"closed","template":"page-full-width.php","meta":{"content-type":"","footnotes":""},"class_list":["post-4923","page","type-page","status-publish","hentry"],"yoast_head":"<!-- This site is optimized with the Yoast SEO Premium plugin v23.9 (Yoast SEO v23.9) - https:\/\/yoast.com\/wordpress\/plugins\/seo\/ -->\n<title>Portrait de la fondatrice - lafabrique621<\/title>\n<meta name=\"robots\" content=\"index, follow, max-snippet:-1, max-image-preview:large, max-video-preview:-1\" \/>\n<link rel=\"canonical\" href=\"https:\/\/lafabrique621.com\/en\/about-me\/\" \/>\n<meta property=\"og:locale\" content=\"en_GB\" \/>\n<meta property=\"og:type\" content=\"article\" \/>\n<meta property=\"og:title\" content=\"Portrait de la fondatrice\" \/>\n<meta property=\"og:description\" content=\"Portrait de la Fondatrice Je suis une femme de 39 ans maman de deux petites filles. Je suis un ancien cadre dans la strat\u00e9gie financi\u00e8re pour des banques internationales. J\u2019ai commenc\u00e9 \u00e0 faire mes propres produits pour ma premi\u00e8re fille. J\u2019ai continu\u00e9 ainsi pour son entourage proche et ses coll\u00e8gues. Suite aux retours positifs, sur [&hellip;]\" \/>\n<meta property=\"og:url\" content=\"https:\/\/lafabrique621.com\/en\/about-me\/\" \/>\n<meta property=\"og:site_name\" content=\"lafabrique621\" \/>\n<meta property=\"article:publisher\" content=\"https:\/\/www.facebook.com\/fab621\" \/>\n<meta property=\"article:modified_time\" content=\"2025-01-10T19:55:22+00:00\" \/>\n<meta property=\"og:image\" content=\"https:\/\/lafabrique621.com\/wp-content\/uploads\/2023\/11\/Diogou-300x300.webp\" \/>\n<meta name=\"twitter:card\" content=\"summary_large_image\" \/>\n<meta name=\"twitter:label1\" content=\"Estimated reading time\" \/>\n\t<meta name=\"twitter:data1\" content=\"1 minute\" \/>\n<script type=\"application\/ld+json\" class=\"yoast-schema-graph\">{\"@context\":\"https:\/\/schema.org\",\"@graph\":[{\"@type\":\"WebPage\",\"@id\":\"https:\/\/lafabrique621.com\/en\/about-me\/\",\"url\":\"https:\/\/lafabrique621.com\/en\/about-me\/\",\"name\":\"Portrait de la fondatrice - lafabrique621\",\"isPartOf\":{\"@id\":\"https:\/\/lafabrique621.com\/en\/#website\"},\"primaryImageOfPage\":{\"@id\":\"https:\/\/lafabrique621.com\/en\/about-me\/#primaryimage\"},\"image\":{\"@id\":\"https:\/\/lafabrique621.com\/en\/about-me\/#primaryimage\"},\"thumbnailUrl\":\"https:\/\/lafabrique621.com\/wp-content\/uploads\/2023\/11\/Diogou-300x300.webp\",\"datePublished\":\"2023-07-26T12:52:56+00:00\",\"dateModified\":\"2025-01-10T19:55:22+00:00\",\"breadcrumb\":{\"@id\":\"https:\/\/lafabrique621.com\/en\/about-me\/#breadcrumb\"},\"inLanguage\":\"en-GB\",\"potentialAction\":[{\"@type\":\"ReadAction\",\"target\":[\"https:\/\/lafabrique621.com\/en\/about-me\/\"]}]},{\"@type\":\"ImageObject\",\"inLanguage\":\"en-GB\",\"@id\":\"https:\/\/lafabrique621.com\/en\/about-me\/#primaryimage\",\"url\":\"https:\/\/lafabrique621.com\/wp-content\/uploads\/2023\/11\/Diogou-300x300.webp\",\"contentUrl\":\"https:\/\/lafabrique621.com\/wp-content\/uploads\/2023\/11\/Diogou-300x300.webp\"},{\"@type\":\"BreadcrumbList\",\"@id\":\"https:\/\/lafabrique621.com\/en\/about-me\/#breadcrumb\",\"itemListElement\":[{\"@type\":\"ListItem\",\"position\":1,\"name\":\"Accueil\",\"item\":\"https:\/\/lafabrique621.com\/en\/\"},{\"@type\":\"ListItem\",\"position\":2,\"name\":\"Portrait de la fondatrice\"}]},{\"@type\":\"WebSite\",\"@id\":\"https:\/\/lafabrique621.com\/en\/#website\",\"url\":\"https:\/\/lafabrique621.com\/en\/\",\"name\":\"lafabrique621\",\"description\":\"La Fabrique 621, laboratoire expert de la cosm\u00e9tique naturelle\",\"publisher\":{\"@id\":\"https:\/\/lafabrique621.com\/en\/#organization\"},\"potentialAction\":[{\"@type\":\"SearchAction\",\"target\":{\"@type\":\"EntryPoint\",\"urlTemplate\":\"https:\/\/lafabrique621.com\/en\/?s={search_term_string}\"},\"query-input\":{\"@type\":\"PropertyValueSpecification\",\"valueRequired\":true,\"valueName\":\"search_term_string\"}}],\"inLanguage\":\"en-GB\"},{\"@type\":\"Organization\",\"@id\":\"https:\/\/lafabrique621.com\/en\/#organization\",\"name\":\"lafabrique621\",\"url\":\"https:\/\/lafabrique621.com\/en\/\",\"logo\":{\"@type\":\"ImageObject\",\"inLanguage\":\"en-GB\",\"@id\":\"https:\/\/lafabrique621.com\/en\/#\/schema\/logo\/image\/\",\"url\":\"https:\/\/lafabrique621.com\/wp-content\/uploads\/2023\/11\/cropped-fab621_logo-noir.png\",\"contentUrl\":\"https:\/\/lafabrique621.com\/wp-content\/uploads\/2023\/11\/cropped-fab621_logo-noir.png\",\"width\":4439,\"height\":775,\"caption\":\"lafabrique621\"},\"image\":{\"@id\":\"https:\/\/lafabrique621.com\/en\/#\/schema\/logo\/image\/\"},\"sameAs\":[\"https:\/\/www.facebook.com\/fab621\",\"https:\/\/www.instagram.com\/la.fabrique.621_officiel\/\",\"https:\/\/www.linkedin.com\/company\/fab621\"]}]}<\/script>\n<!-- \/ Yoast SEO Premium plugin. -->","yoast_head_json":{"title":"Portrait de la fondatrice - lafabrique621","robots":{"index":"index","follow":"follow","max-snippet":"max-snippet:-1","max-image-preview":"max-image-preview:large","max-video-preview":"max-video-preview:-1"},"canonical":"https:\/\/lafabrique621.com\/en\/about-me\/","og_locale":"en_GB","og_type":"article","og_title":"Portrait de la fondatrice","og_description":"Portrait de la Fondatrice Je suis une femme de 39 ans maman de deux petites filles. Je suis un ancien cadre dans la strat\u00e9gie financi\u00e8re pour des banques internationales. J\u2019ai commenc\u00e9 \u00e0 faire mes propres produits pour ma premi\u00e8re fille. J\u2019ai continu\u00e9 ainsi pour son entourage proche et ses coll\u00e8gues. Suite aux retours positifs, sur [&hellip;]","og_url":"https:\/\/lafabrique621.com\/en\/about-me\/","og_site_name":"lafabrique621","article_publisher":"https:\/\/www.facebook.com\/fab621","article_modified_time":"2025-01-10T19:55:22+00:00","og_image":[{"url":"https:\/\/lafabrique621.com\/wp-content\/uploads\/2023\/11\/Diogou-300x300.webp"}],"twitter_card":"summary_large_image","twitter_misc":{"Estimated reading time":"1 minute"},"schema":{"@context":"https:\/\/schema.org","@graph":[{"@type":"WebPage","@id":"https:\/\/lafabrique621.com\/en\/about-me\/","url":"https:\/\/lafabrique621.com\/en\/about-me\/","name":"Portrait de la fondatrice - lafabrique621","isPartOf":{"@id":"https:\/\/lafabrique621.com\/en\/#website"},"primaryImageOfPage":{"@id":"https:\/\/lafabrique621.com\/en\/about-me\/#primaryimage"},"image":{"@id":"https:\/\/lafabrique621.com\/en\/about-me\/#primaryimage"},"thumbnailUrl":"https:\/\/lafabrique621.com\/wp-content\/uploads\/2023\/11\/Diogou-300x300.webp","datePublished":"2023-07-26T12:52:56+00:00","dateModified":"2025-01-10T19:55:22+00:00","breadcrumb":{"@id":"https:\/\/lafabrique621.com\/en\/about-me\/#breadcrumb"},"inLanguage":"en-GB","potentialAction":[{"@type":"ReadAction","target":["https:\/\/lafabrique621.com\/en\/about-me\/"]}]},{"@type":"ImageObject","inLanguage":"en-GB","@id":"https:\/\/lafabrique621.com\/en\/about-me\/#primaryimage","url":"https:\/\/lafabrique621.com\/wp-content\/uploads\/2023\/11\/Diogou-300x300.webp","contentUrl":"https:\/\/lafabrique621.com\/wp-content\/uploads\/2023\/11\/Diogou-300x300.webp"},{"@type":"BreadcrumbList","@id":"https:\/\/lafabrique621.com\/en\/about-me\/#breadcrumb","itemListElement":[{"@type":"ListItem","position":1,"name":"Accueil","item":"https:\/\/lafabrique621.com\/en\/"},{"@type":"ListItem","position":2,"name":"Portrait de la fondatrice"}]},{"@type":"WebSite","@id":"https:\/\/lafabrique621.com\/en\/#website","url":"https:\/\/lafabrique621.com\/en\/","name":"lafabrique621","description":"La Fabrique 621, laboratoire expert de la cosm\u00e9tique naturelle","publisher":{"@id":"https:\/\/lafabrique621.com\/en\/#organization"},"potentialAction":[{"@type":"SearchAction","target":{"@type":"EntryPoint","urlTemplate":"https:\/\/lafabrique621.com\/en\/?s={search_term_string}"},"query-input":{"@type":"PropertyValueSpecification","valueRequired":true,"valueName":"search_term_string"}}],"inLanguage":"en-GB"},{"@type":"Organization","@id":"https:\/\/lafabrique621.com\/en\/#organization","name":"lafabrique621","url":"https:\/\/lafabrique621.com\/en\/","logo":{"@type":"ImageObject","inLanguage":"en-GB","@id":"https:\/\/lafabrique621.com\/en\/#\/schema\/logo\/image\/","url":"https:\/\/lafabrique621.com\/wp-content\/uploads\/2023\/11\/cropped-fab621_logo-noir.png","contentUrl":"https:\/\/lafabrique621.com\/wp-content\/uploads\/2023\/11\/cropped-fab621_logo-noir.png","width":4439,"height":775,"caption":"lafabrique621"},"image":{"@id":"https:\/\/lafabrique621.com\/en\/#\/schema\/logo\/image\/"},"sameAs":["https:\/\/www.facebook.com\/fab621","https:\/\/www.instagram.com\/la.fabrique.621_officiel\/","https:\/\/www.linkedin.com\/company\/fab621"]}]}},"jetpack_sharing_enabled":true,"_links":{"self":[{"href":"https:\/\/lafabrique621.com\/en\/wp-json\/wp\/v2\/pages\/4923","targetHints":{"allow":["GET"]}}],"collection":[{"href":"https:\/\/lafabrique621.com\/en\/wp-json\/wp\/v2\/pages"}],"about":[{"href":"https:\/\/lafabrique621.com\/en\/wp-json\/wp\/v2\/types\/page"}],"author":[{"embeddable":true,"href":"https:\/\/lafabrique621.com\/en\/wp-json\/wp\/v2\/users\/1"}],"replies":[{"embeddable":true,"href":"https:\/\/lafabrique621.com\/en\/wp-json\/wp\/v2\/comments?post=4923"}],"version-history":[{"count":19,"href":"https:\/\/lafabrique621.com\/en\/wp-json\/wp\/v2\/pages\/4923\/revisions"}],"predecessor-version":[{"id":11366,"href":"https:\/\/lafabrique621.com\/en\/wp-json\/wp\/v2\/pages\/4923\/revisions\/11366"}],"wp:attachment":[{"href":"https:\/\/lafabrique621.com\/en\/wp-json\/wp\/v2\/media?parent=4923"}],"curies":[{"name":"wp","href":"https:\/\/api.w.org\/{rel}","templated":true}]}}