{"id":11314,"date":"2025-01-10T18:17:25","date_gmt":"2025-01-10T18:17:25","guid":{"rendered":"https:\/\/lafabrique621.com\/?page_id=11314"},"modified":"2025-01-19T00:12:39","modified_gmt":"2025-01-19T00:12:39","slug":"blog-tendances-cosmetiques-conseils-creation-de-marque","status":"publish","type":"page","link":"https:\/\/lafabrique621.com\/en\/blog-tendances-cosmetiques-conseils-creation-de-marque\/","title":{"rendered":"Blog Tendances cosm\u00e9tiques\/conseils cr\u00e9ation de marque"},"content":{"rendered":"<div data-elementor-type=\"wp-page\" data-elementor-id=\"11314\" class=\"elementor elementor-11314\" data-elementor-post-type=\"page\">\n\t\t\t\t<div class=\"elementor-element elementor-element-fc96191 e-flex e-con-boxed e-con e-parent\" data-id=\"fc96191\" data-element_type=\"container\">\n\t\t\t\t\t<div class=\"e-con-inner\">\n\t\t\t\t<div class=\"elementor-element elementor-element-eb53100 elementor-widget elementor-widget-heading\" data-id=\"eb53100\" data-element_type=\"widget\" data-widget_type=\"heading.default\">\n\t\t\t\t<div class=\"elementor-widget-container\">\n\t\t\t\t\t<h2 class=\"elementor-heading-title elementor-size-default\">Articles cosm\u00e9tiques<\/h2>\t\t\t\t<\/div>\n\t\t\t\t<\/div>\n\t\t\t\t<div class=\"elementor-element elementor-element-6da6fc2 elementor-widget elementor-widget-text-editor\" data-id=\"6da6fc2\" data-element_type=\"widget\" data-widget_type=\"text-editor.default\">\n\t\t\t\t<div class=\"elementor-widget-container\">\n\t\t\t\t\t\t\t\t\t<h2>Retrouvez ici nos articles, conseils, et informations utiles pour cr\u00e9er une marque cosm\u00e9tique naturelle<\/h2>\t\t\t\t\t\t\t\t<\/div>\n\t\t\t\t<\/div>\n\t\t\t\t<div class=\"elementor-element elementor-element-edeeb8d elementor-grid-3 elementor-grid-tablet-2 elementor-grid-mobile-1 elementor-posts--thumbnail-top elementor-widget elementor-widget-posts\" data-id=\"edeeb8d\" data-element_type=\"widget\" data-settings=\"{&quot;classic_columns&quot;:&quot;3&quot;,&quot;classic_columns_tablet&quot;:&quot;2&quot;,&quot;classic_columns_mobile&quot;:&quot;1&quot;,&quot;classic_row_gap&quot;:{&quot;unit&quot;:&quot;px&quot;,&quot;size&quot;:35,&quot;sizes&quot;:[]},&quot;classic_row_gap_tablet&quot;:{&quot;unit&quot;:&quot;px&quot;,&quot;size&quot;:&quot;&quot;,&quot;sizes&quot;:[]},&quot;classic_row_gap_mobile&quot;:{&quot;unit&quot;:&quot;px&quot;,&quot;size&quot;:&quot;&quot;,&quot;sizes&quot;:[]}}\" data-widget_type=\"posts.classic\">\n\t\t\t\t<div class=\"elementor-widget-container\">\n\t\t\t\t\t\t\t<div class=\"elementor-posts-container elementor-posts elementor-posts--skin-classic elementor-grid\">\n\t\t\t\t<article class=\"elementor-post elementor-grid-item post-11429 post type-post status-publish format-standard hentry category-cosmetique-durable\">\n\t\t\t\t<div class=\"elementor-post__text\">\n\t\t\t\t<h3 class=\"elementor-post__title\">\n\t\t\t<a href=\"https:\/\/lafabrique621.com\/en\/comment-creer-une-formule-cosmetique-labo-qui-soit-transposable-a-lechelle-de-production\/\" >\n\t\t\t\tComment cr\u00e9er une formule cosm\u00e9tique labo qui soit transposable \u00e0 l\u2019\u00e9chelle de production ?\t\t\t<\/a>\n\t\t<\/h3>\n\t\t\t\t<div class=\"elementor-post__meta-data\">\n\t\t\t\t\t<span class=\"elementor-post-date\">\n\t\t\tJuly 25, 2025\t\t<\/span>\n\t\t\t\t<span class=\"elementor-post-avatar\">\n\t\t\tNo Comments\t\t<\/span>\n\t\t\t\t<\/div>\n\t\t\t\t<div class=\"elementor-post__excerpt\">\n\t\t\t<p>Introduction Lancer une marque cosm\u00e9tique commence souvent par une formule performante adapt\u00e9e \u00e0 une cible sp\u00e9cifique. Mais derri\u00e8re cette recette, se cache un d\u00e9fi majeur<\/p>\n\t\t<\/div>\n\t\t\n\t\t<a class=\"elementor-post__read-more\" href=\"https:\/\/lafabrique621.com\/en\/comment-creer-une-formule-cosmetique-labo-qui-soit-transposable-a-lechelle-de-production\/\" aria-label=\"Read more about Comment cr\u00e9er une formule cosm\u00e9tique labo qui soit transposable \u00e0 l\u2019\u00e9chelle de production ?\" tabindex=\"-1\" >\n\t\t\tLire la suite \u00bb\t\t<\/a>\n\n\t\t\t\t<\/div>\n\t\t\t\t<\/article>\n\t\t\t\t<article class=\"elementor-post elementor-grid-item post-11427 post type-post status-publish format-standard hentry category-cosmetique-durable\">\n\t\t\t\t<div class=\"elementor-post__text\">\n\t\t\t\t<h3 class=\"elementor-post__title\">\n\t\t\t<a href=\"https:\/\/lafabrique621.com\/en\/%f0%9f%a7%b4-normes-cosmetiques-en-europe-ce-que-vous-devez-savoir-avant-de-choisir-un-laboratoire-cosmetique\/\" >\n\t\t\t\t\ud83e\uddf4 Normes cosm\u00e9tiques en Europe : ce que vous devez savoir avant de choisir un laboratoire cosm\u00e9tique\t\t\t<\/a>\n\t\t<\/h3>\n\t\t\t\t<div class=\"elementor-post__meta-data\">\n\t\t\t\t\t<span class=\"elementor-post-date\">\n\t\t\tJune 6, 2025\t\t<\/span>\n\t\t\t\t<span class=\"elementor-post-avatar\">\n\t\t\tNo Comments\t\t<\/span>\n\t\t\t\t<\/div>\n\t\t\t\t<div class=\"elementor-post__excerpt\">\n\t\t\t<p>Si vous \u00eates cr\u00e9ateur de marque cosm\u00e9tique, dirigeant d\u2019une start-up beaut\u00e9 ou responsable d\u00e9veloppement dans un groupe cosm\u00e9tique, choisir un laboratoire cosm\u00e9tique conforme aux normes<\/p>\n\t\t<\/div>\n\t\t\n\t\t<a class=\"elementor-post__read-more\" href=\"https:\/\/lafabrique621.com\/en\/%f0%9f%a7%b4-normes-cosmetiques-en-europe-ce-que-vous-devez-savoir-avant-de-choisir-un-laboratoire-cosmetique\/\" aria-label=\"Read more about \ud83e\uddf4 Normes cosm\u00e9tiques en Europe : ce que vous devez savoir avant de choisir un laboratoire cosm\u00e9tique\" tabindex=\"-1\" >\n\t\t\tLire la suite \u00bb\t\t<\/a>\n\n\t\t\t\t<\/div>\n\t\t\t\t<\/article>\n\t\t\t\t<article class=\"elementor-post elementor-grid-item post-11419 post type-post status-publish format-standard hentry category-conseils category-entreprise-en-cosmetique category-entrepreneuriat tag-conseils tag-laboratoire\">\n\t\t\t\t<div class=\"elementor-post__text\">\n\t\t\t\t<h3 class=\"elementor-post__title\">\n\t\t\t<a href=\"https:\/\/lafabrique621.com\/en\/stabilite-cosmetique\/\" >\n\t\t\t\tL\u2019importance des tests de stabilit\u00e9\t\t\t<\/a>\n\t\t<\/h3>\n\t\t\t\t<div class=\"elementor-post__meta-data\">\n\t\t\t\t\t<span class=\"elementor-post-date\">\n\t\t\tApril 25, 2025\t\t<\/span>\n\t\t\t\t<span class=\"elementor-post-avatar\">\n\t\t\tNo Comments\t\t<\/span>\n\t\t\t\t<\/div>\n\t\t\t\t<div class=\"elementor-post__excerpt\">\n\t\t\t<p>\ud83e\uddea Stabilit\u00e9 en cosm\u00e9tique : quelles normes et pourquoi c\u2019est essentiel ? Lorsqu\u2019on cr\u00e9er un produit cosm\u00e9tique, la formulation ne suffit pas. En effet, il<\/p>\n\t\t<\/div>\n\t\t\n\t\t<a class=\"elementor-post__read-more\" href=\"https:\/\/lafabrique621.com\/en\/stabilite-cosmetique\/\" aria-label=\"Read more about L\u2019importance des tests de stabilit\u00e9\" tabindex=\"-1\" >\n\t\t\tLire la suite \u00bb\t\t<\/a>\n\n\t\t\t\t<\/div>\n\t\t\t\t<\/article>\n\t\t\t\t<article class=\"elementor-post elementor-grid-item post-11413 post type-post status-publish format-standard hentry category-cosmetique-durable\">\n\t\t\t\t<div class=\"elementor-post__text\">\n\t\t\t\t<h3 class=\"elementor-post__title\">\n\t\t\t<a href=\"https:\/\/lafabrique621.com\/en\/skinification-maquillage-soin-maquillage-naturel-cosmetique-hybride-actifs-naturels-tendances-maquillage-innovation-cosmetique-maquillage-clean-cosmetique-vegetale-la-fabrique-621-developpem\/\" >\n\t\t\t\tLa skinification du maquillage : quand le make-up devient soin\t\t\t<\/a>\n\t\t<\/h3>\n\t\t\t\t<div class=\"elementor-post__meta-data\">\n\t\t\t\t\t<span class=\"elementor-post-date\">\n\t\t\tMarch 25, 2025\t\t<\/span>\n\t\t\t\t<span class=\"elementor-post-avatar\">\n\t\t\tNo Comments\t\t<\/span>\n\t\t\t\t<\/div>\n\t\t\t\t<div class=\"elementor-post__excerpt\">\n\t\t\t<p>Le maquillage n\u2019est plus uniquement un outil de camouflage. Il devient aujourd\u2019hui un alli\u00e9 du soin gr\u00e2ce \u00e0 une tendance forte du secteur cosm\u00e9tique :<\/p>\n\t\t<\/div>\n\t\t\n\t\t<a class=\"elementor-post__read-more\" href=\"https:\/\/lafabrique621.com\/en\/skinification-maquillage-soin-maquillage-naturel-cosmetique-hybride-actifs-naturels-tendances-maquillage-innovation-cosmetique-maquillage-clean-cosmetique-vegetale-la-fabrique-621-developpem\/\" aria-label=\"Read more about La skinification du maquillage : quand le make-up devient soin\" tabindex=\"-1\" >\n\t\t\tLire la suite \u00bb\t\t<\/a>\n\n\t\t\t\t<\/div>\n\t\t\t\t<\/article>\n\t\t\t\t<article class=\"elementor-post elementor-grid-item post-11403 post type-post status-publish format-standard hentry category-cosmetique-durable category-entreprise-en-cosmetique category-entrepreneuriat category-soin\">\n\t\t\t\t<div class=\"elementor-post__text\">\n\t\t\t\t<h3 class=\"elementor-post__title\">\n\t\t\t<a href=\"https:\/\/lafabrique621.com\/en\/%f0%9f%8c%bf%f0%9f%92%86%e2%99%80%ef%b8%8f-la-skinification-des-produits-capillaires-une-revolution-pour-la-sante-des-cheveux%f0%9f%92%86%e2%99%82%ef%b8%8f%f0%9f%8c%bf\/\" >\n\t\t\t\t\ud83c\udf3f\ud83d\udc86\u200d\u2640\ufe0f La Skinification des Produits Capillaires : Une R\u00e9volution pour la Sant\u00e9 des Cheveux\ud83d\udc86\u200d\u2642\ufe0f\ud83c\udf3f\t\t\t<\/a>\n\t\t<\/h3>\n\t\t\t\t<div class=\"elementor-post__meta-data\">\n\t\t\t\t\t<span class=\"elementor-post-date\">\n\t\t\tMarch 17, 2025\t\t<\/span>\n\t\t\t\t<span class=\"elementor-post-avatar\">\n\t\t\tNo Comments\t\t<\/span>\n\t\t\t\t<\/div>\n\t\t\t\t<div class=\"elementor-post__excerpt\">\n\t\t\t<p>Qu&rsquo;est-ce que la skinification des cheveux ? La skinification des cheveux est une tendance qui consiste \u00e0 appliquer les principes du soin de la peau<\/p>\n\t\t<\/div>\n\t\t\n\t\t<a class=\"elementor-post__read-more\" href=\"https:\/\/lafabrique621.com\/en\/%f0%9f%8c%bf%f0%9f%92%86%e2%99%80%ef%b8%8f-la-skinification-des-produits-capillaires-une-revolution-pour-la-sante-des-cheveux%f0%9f%92%86%e2%99%82%ef%b8%8f%f0%9f%8c%bf\/\" aria-label=\"Read more about \ud83c\udf3f\ud83d\udc86\u200d\u2640\ufe0f La Skinification des Produits Capillaires : Une R\u00e9volution pour la Sant\u00e9 des Cheveux\ud83d\udc86\u200d\u2642\ufe0f\ud83c\udf3f\" tabindex=\"-1\" >\n\t\t\tLire la suite \u00bb\t\t<\/a>\n\n\t\t\t\t<\/div>\n\t\t\t\t<\/article>\n\t\t\t\t<article class=\"elementor-post elementor-grid-item post-11396 post type-post status-publish format-standard hentry category-cosmetique-durable\">\n\t\t\t\t<div class=\"elementor-post__text\">\n\t\t\t\t<h3 class=\"elementor-post__title\">\n\t\t\t<a href=\"https:\/\/lafabrique621.com\/en\/reglementation-cosmetique-europeenne-creation\/\" >\n\t\t\t\tComprendre la r\u00e9glementation europ\u00e9enne et ses impacts en formulation cosm\u00e9tique: un guide essentiel pour les entreprises\t\t\t<\/a>\n\t\t<\/h3>\n\t\t\t\t<div class=\"elementor-post__meta-data\">\n\t\t\t\t\t<span class=\"elementor-post-date\">\n\t\t\tFebruary 13, 2025\t\t<\/span>\n\t\t\t\t<span class=\"elementor-post-avatar\">\n\t\t\tNo Comments\t\t<\/span>\n\t\t\t\t<\/div>\n\t\t\t\t<div class=\"elementor-post__excerpt\">\n\t\t\t<p>La r\u00e9glementation europ\u00e9enne est un vaste ensemble de r\u00e8gles qui encadrent divers secteurs d&rsquo;activit\u00e9 \u00e0 travers l&rsquo;Union europ\u00e9enne (UE). Son objectif est d\u2019harmoniser les pratiques,<\/p>\n\t\t<\/div>\n\t\t\n\t\t<a class=\"elementor-post__read-more\" href=\"https:\/\/lafabrique621.com\/en\/reglementation-cosmetique-europeenne-creation\/\" aria-label=\"Read more about Comprendre la r\u00e9glementation europ\u00e9enne et ses impacts en formulation cosm\u00e9tique: un guide essentiel pour les entreprises\" tabindex=\"-1\" >\n\t\t\tLire la suite \u00bb\t\t<\/a>\n\n\t\t\t\t<\/div>\n\t\t\t\t<\/article>\n\t\t\t\t<\/div>\n\t\t\n\t\t\t\t\t\t<\/div>\n\t\t\t\t<\/div>\n\t\t\t\t\t<\/div>\n\t\t\t\t<\/div>\n\t\t<div class=\"elementor-element elementor-element-98e1a35 e-flex e-con-boxed e-con e-parent\" data-id=\"98e1a35\" data-element_type=\"container\">\n\t\t\t\t\t<div class=\"e-con-inner\">\n\t\t\t\t\t<\/div>\n\t\t\t\t<\/div>\n\t\t<div class=\"elementor-element elementor-element-bd1dfbb e-flex e-con-boxed e-con e-parent\" data-id=\"bd1dfbb\" data-element_type=\"container\">\n\t\t\t\t\t<div class=\"e-con-inner\">\n\t\t\t\t\t<\/div>\n\t\t\t\t<\/div>\n\t\t\t\t<\/div>","protected":false},"excerpt":{"rendered":"<p>Articles cosm\u00e9tiques Retrouvez ici nos articles, conseils, et informations utiles pour cr\u00e9er une marque cosm\u00e9tique naturelle<\/p>","protected":false},"author":1,"featured_media":11373,"parent":0,"menu_order":0,"comment_status":"closed","ping_status":"closed","template":"","meta":{"content-type":"","footnotes":""},"class_list":["post-11314","page","type-page","status-publish","has-post-thumbnail","hentry"],"yoast_head":"<!-- This site is optimized with the Yoast SEO Premium plugin v23.9 (Yoast SEO v23.9) - https:\/\/yoast.com\/wordpress\/plugins\/seo\/ -->\n<title>Blog Tendances cosm\u00e9tiques\/conseils cr\u00e9ation de marque - lafabrique621<\/title>\n<meta name=\"description\" content=\"Retrouvez nos articles sur les actus du march\u00e9 cosm\u00e9tique, nos conseils pour cr\u00e9er votre marque de cosm\u00e9tique naturelle.\" \/>\n<meta name=\"robots\" content=\"index, follow, max-snippet:-1, max-image-preview:large, max-video-preview:-1\" \/>\n<link rel=\"canonical\" href=\"https:\/\/lafabrique621.com\/en\/blog-tendances-cosmetiques-conseils-creation-de-marque\/\" \/>\n<meta property=\"og:locale\" content=\"en_GB\" \/>\n<meta property=\"og:type\" content=\"article\" \/>\n<meta property=\"og:title\" content=\"Blog Tendances cosm\u00e9tiques\/conseils cr\u00e9ation de marque\" \/>\n<meta property=\"og:description\" content=\"Retrouvez nos articles sur les actus du march\u00e9 cosm\u00e9tique, nos conseils pour cr\u00e9er votre marque de cosm\u00e9tique naturelle.\" \/>\n<meta property=\"og:url\" content=\"https:\/\/lafabrique621.com\/en\/blog-tendances-cosmetiques-conseils-creation-de-marque\/\" \/>\n<meta property=\"og:site_name\" content=\"lafabrique621\" \/>\n<meta property=\"article:publisher\" content=\"https:\/\/www.facebook.com\/fab621\" \/>\n<meta property=\"article:modified_time\" content=\"2025-01-19T00:12:39+00:00\" \/>\n<meta property=\"og:image\" content=\"https:\/\/lafabrique621.com\/wp-content\/uploads\/2025\/01\/AdobeStock_629121722-1-scaled.webp\" \/>\n\t<meta property=\"og:image:width\" content=\"1920\" \/>\n\t<meta property=\"og:image:height\" content=\"1280\" \/>\n\t<meta property=\"og:image:type\" content=\"image\/webp\" \/>\n<meta name=\"twitter:card\" content=\"summary_large_image\" \/>\n<meta name=\"twitter:label1\" content=\"Estimated reading time\" \/>\n\t<meta name=\"twitter:data1\" content=\"1 minute\" \/>\n<script type=\"application\/ld+json\" class=\"yoast-schema-graph\">{\"@context\":\"https:\/\/schema.org\",\"@graph\":[{\"@type\":\"WebPage\",\"@id\":\"https:\/\/lafabrique621.com\/en\/blog-tendances-cosmetiques-conseils-creation-de-marque\/\",\"url\":\"https:\/\/lafabrique621.com\/en\/blog-tendances-cosmetiques-conseils-creation-de-marque\/\",\"name\":\"Blog Tendances cosm\u00e9tiques\/conseils cr\u00e9ation de marque - lafabrique621\",\"isPartOf\":{\"@id\":\"https:\/\/lafabrique621.com\/en\/#website\"},\"primaryImageOfPage\":{\"@id\":\"https:\/\/lafabrique621.com\/en\/blog-tendances-cosmetiques-conseils-creation-de-marque\/#primaryimage\"},\"image\":{\"@id\":\"https:\/\/lafabrique621.com\/en\/blog-tendances-cosmetiques-conseils-creation-de-marque\/#primaryimage\"},\"thumbnailUrl\":\"https:\/\/lafabrique621.com\/wp-content\/uploads\/2025\/01\/AdobeStock_629121722-1-scaled.webp\",\"datePublished\":\"2025-01-10T18:17:25+00:00\",\"dateModified\":\"2025-01-19T00:12:39+00:00\",\"description\":\"Retrouvez nos articles sur les actus du march\u00e9 cosm\u00e9tique, nos conseils pour cr\u00e9er votre marque de cosm\u00e9tique naturelle.\",\"breadcrumb\":{\"@id\":\"https:\/\/lafabrique621.com\/en\/blog-tendances-cosmetiques-conseils-creation-de-marque\/#breadcrumb\"},\"inLanguage\":\"en-GB\",\"potentialAction\":[{\"@type\":\"ReadAction\",\"target\":[\"https:\/\/lafabrique621.com\/en\/blog-tendances-cosmetiques-conseils-creation-de-marque\/\"]}]},{\"@type\":\"ImageObject\",\"inLanguage\":\"en-GB\",\"@id\":\"https:\/\/lafabrique621.com\/en\/blog-tendances-cosmetiques-conseils-creation-de-marque\/#primaryimage\",\"url\":\"https:\/\/lafabrique621.com\/wp-content\/uploads\/2025\/01\/AdobeStock_629121722-1-scaled.webp\",\"contentUrl\":\"https:\/\/lafabrique621.com\/wp-content\/uploads\/2025\/01\/AdobeStock_629121722-1-scaled.webp\",\"width\":1920,\"height\":1280,\"caption\":\"Discover the allure of beauty with a white-textured cosmetic cream, accentuated by a delightful smear of pink lipstick.\"},{\"@type\":\"BreadcrumbList\",\"@id\":\"https:\/\/lafabrique621.com\/en\/blog-tendances-cosmetiques-conseils-creation-de-marque\/#breadcrumb\",\"itemListElement\":[{\"@type\":\"ListItem\",\"position\":1,\"name\":\"Accueil\",\"item\":\"https:\/\/lafabrique621.com\/en\/\"},{\"@type\":\"ListItem\",\"position\":2,\"name\":\"Blog Tendances cosm\u00e9tiques\/conseils cr\u00e9ation de marque\"}]},{\"@type\":\"WebSite\",\"@id\":\"https:\/\/lafabrique621.com\/en\/#website\",\"url\":\"https:\/\/lafabrique621.com\/en\/\",\"name\":\"lafabrique621\",\"description\":\"La Fabrique 621, laboratoire expert de la cosm\u00e9tique naturelle\",\"publisher\":{\"@id\":\"https:\/\/lafabrique621.com\/en\/#organization\"},\"potentialAction\":[{\"@type\":\"SearchAction\",\"target\":{\"@type\":\"EntryPoint\",\"urlTemplate\":\"https:\/\/lafabrique621.com\/en\/?s={search_term_string}\"},\"query-input\":{\"@type\":\"PropertyValueSpecification\",\"valueRequired\":true,\"valueName\":\"search_term_string\"}}],\"inLanguage\":\"en-GB\"},{\"@type\":\"Organization\",\"@id\":\"https:\/\/lafabrique621.com\/en\/#organization\",\"name\":\"lafabrique621\",\"url\":\"https:\/\/lafabrique621.com\/en\/\",\"logo\":{\"@type\":\"ImageObject\",\"inLanguage\":\"en-GB\",\"@id\":\"https:\/\/lafabrique621.com\/en\/#\/schema\/logo\/image\/\",\"url\":\"https:\/\/lafabrique621.com\/wp-content\/uploads\/2023\/11\/cropped-fab621_logo-noir.png\",\"contentUrl\":\"https:\/\/lafabrique621.com\/wp-content\/uploads\/2023\/11\/cropped-fab621_logo-noir.png\",\"width\":4439,\"height\":775,\"caption\":\"lafabrique621\"},\"image\":{\"@id\":\"https:\/\/lafabrique621.com\/en\/#\/schema\/logo\/image\/\"},\"sameAs\":[\"https:\/\/www.facebook.com\/fab621\",\"https:\/\/www.instagram.com\/la.fabrique.621_officiel\/\",\"https:\/\/www.linkedin.com\/company\/fab621\"]}]}<\/script>\n<!-- \/ Yoast SEO Premium plugin. -->","yoast_head_json":{"title":"Blog Tendances cosm\u00e9tiques\/conseils cr\u00e9ation de marque - lafabrique621","description":"Retrouvez nos articles sur les actus du march\u00e9 cosm\u00e9tique, nos conseils pour cr\u00e9er votre marque de cosm\u00e9tique naturelle.","robots":{"index":"index","follow":"follow","max-snippet":"max-snippet:-1","max-image-preview":"max-image-preview:large","max-video-preview":"max-video-preview:-1"},"canonical":"https:\/\/lafabrique621.com\/en\/blog-tendances-cosmetiques-conseils-creation-de-marque\/","og_locale":"en_GB","og_type":"article","og_title":"Blog Tendances cosm\u00e9tiques\/conseils cr\u00e9ation de marque","og_description":"Retrouvez nos articles sur les actus du march\u00e9 cosm\u00e9tique, nos conseils pour cr\u00e9er votre marque de cosm\u00e9tique naturelle.","og_url":"https:\/\/lafabrique621.com\/en\/blog-tendances-cosmetiques-conseils-creation-de-marque\/","og_site_name":"lafabrique621","article_publisher":"https:\/\/www.facebook.com\/fab621","article_modified_time":"2025-01-19T00:12:39+00:00","og_image":[{"width":1920,"height":1280,"url":"https:\/\/lafabrique621.com\/wp-content\/uploads\/2025\/01\/AdobeStock_629121722-1-scaled.webp","type":"image\/webp"}],"twitter_card":"summary_large_image","twitter_misc":{"Estimated reading time":"1 minute"},"schema":{"@context":"https:\/\/schema.org","@graph":[{"@type":"WebPage","@id":"https:\/\/lafabrique621.com\/en\/blog-tendances-cosmetiques-conseils-creation-de-marque\/","url":"https:\/\/lafabrique621.com\/en\/blog-tendances-cosmetiques-conseils-creation-de-marque\/","name":"Blog Tendances cosm\u00e9tiques\/conseils cr\u00e9ation de marque - lafabrique621","isPartOf":{"@id":"https:\/\/lafabrique621.com\/en\/#website"},"primaryImageOfPage":{"@id":"https:\/\/lafabrique621.com\/en\/blog-tendances-cosmetiques-conseils-creation-de-marque\/#primaryimage"},"image":{"@id":"https:\/\/lafabrique621.com\/en\/blog-tendances-cosmetiques-conseils-creation-de-marque\/#primaryimage"},"thumbnailUrl":"https:\/\/lafabrique621.com\/wp-content\/uploads\/2025\/01\/AdobeStock_629121722-1-scaled.webp","datePublished":"2025-01-10T18:17:25+00:00","dateModified":"2025-01-19T00:12:39+00:00","description":"Retrouvez nos articles sur les actus du march\u00e9 cosm\u00e9tique, nos conseils pour cr\u00e9er votre marque de cosm\u00e9tique naturelle.","breadcrumb":{"@id":"https:\/\/lafabrique621.com\/en\/blog-tendances-cosmetiques-conseils-creation-de-marque\/#breadcrumb"},"inLanguage":"en-GB","potentialAction":[{"@type":"ReadAction","target":["https:\/\/lafabrique621.com\/en\/blog-tendances-cosmetiques-conseils-creation-de-marque\/"]}]},{"@type":"ImageObject","inLanguage":"en-GB","@id":"https:\/\/lafabrique621.com\/en\/blog-tendances-cosmetiques-conseils-creation-de-marque\/#primaryimage","url":"https:\/\/lafabrique621.com\/wp-content\/uploads\/2025\/01\/AdobeStock_629121722-1-scaled.webp","contentUrl":"https:\/\/lafabrique621.com\/wp-content\/uploads\/2025\/01\/AdobeStock_629121722-1-scaled.webp","width":1920,"height":1280,"caption":"Discover the allure of beauty with a white-textured cosmetic cream, accentuated by a delightful smear of pink lipstick."},{"@type":"BreadcrumbList","@id":"https:\/\/lafabrique621.com\/en\/blog-tendances-cosmetiques-conseils-creation-de-marque\/#breadcrumb","itemListElement":[{"@type":"ListItem","position":1,"name":"Accueil","item":"https:\/\/lafabrique621.com\/en\/"},{"@type":"ListItem","position":2,"name":"Blog Tendances cosm\u00e9tiques\/conseils cr\u00e9ation de marque"}]},{"@type":"WebSite","@id":"https:\/\/lafabrique621.com\/en\/#website","url":"https:\/\/lafabrique621.com\/en\/","name":"lafabrique621","description":"La Fabrique 621, laboratoire expert de la cosm\u00e9tique naturelle","publisher":{"@id":"https:\/\/lafabrique621.com\/en\/#organization"},"potentialAction":[{"@type":"SearchAction","target":{"@type":"EntryPoint","urlTemplate":"https:\/\/lafabrique621.com\/en\/?s={search_term_string}"},"query-input":{"@type":"PropertyValueSpecification","valueRequired":true,"valueName":"search_term_string"}}],"inLanguage":"en-GB"},{"@type":"Organization","@id":"https:\/\/lafabrique621.com\/en\/#organization","name":"lafabrique621","url":"https:\/\/lafabrique621.com\/en\/","logo":{"@type":"ImageObject","inLanguage":"en-GB","@id":"https:\/\/lafabrique621.com\/en\/#\/schema\/logo\/image\/","url":"https:\/\/lafabrique621.com\/wp-content\/uploads\/2023\/11\/cropped-fab621_logo-noir.png","contentUrl":"https:\/\/lafabrique621.com\/wp-content\/uploads\/2023\/11\/cropped-fab621_logo-noir.png","width":4439,"height":775,"caption":"lafabrique621"},"image":{"@id":"https:\/\/lafabrique621.com\/en\/#\/schema\/logo\/image\/"},"sameAs":["https:\/\/www.facebook.com\/fab621","https:\/\/www.instagram.com\/la.fabrique.621_officiel\/","https:\/\/www.linkedin.com\/company\/fab621"]}]}},"jetpack_sharing_enabled":true,"_links":{"self":[{"href":"https:\/\/lafabrique621.com\/en\/wp-json\/wp\/v2\/pages\/11314","targetHints":{"allow":["GET"]}}],"collection":[{"href":"https:\/\/lafabrique621.com\/en\/wp-json\/wp\/v2\/pages"}],"about":[{"href":"https:\/\/lafabrique621.com\/en\/wp-json\/wp\/v2\/types\/page"}],"author":[{"embeddable":true,"href":"https:\/\/lafabrique621.com\/en\/wp-json\/wp\/v2\/users\/1"}],"replies":[{"embeddable":true,"href":"https:\/\/lafabrique621.com\/en\/wp-json\/wp\/v2\/comments?post=11314"}],"version-history":[{"count":8,"href":"https:\/\/lafabrique621.com\/en\/wp-json\/wp\/v2\/pages\/11314\/revisions"}],"predecessor-version":[{"id":11381,"href":"https:\/\/lafabrique621.com\/en\/wp-json\/wp\/v2\/pages\/11314\/revisions\/11381"}],"wp:featuredmedia":[{"embeddable":true,"href":"https:\/\/lafabrique621.com\/en\/wp-json\/wp\/v2\/media\/11373"}],"wp:attachment":[{"href":"https:\/\/lafabrique621.com\/en\/wp-json\/wp\/v2\/media?parent=11314"}],"curies":[{"name":"wp","href":"https:\/\/api.w.org\/{rel}","templated":true}]}}